{"id":3097,"date":"2022-11-18T17:40:53","date_gmt":"2022-11-18T16:40:53","guid":{"rendered":"https:\/\/www.checkprocedure.be\/grandes-entreprises\/"},"modified":"2025-04-08T12:32:29","modified_gmt":"2025-04-08T10:32:29","slug":"grandes-entreprises","status":"publish","type":"page","link":"https:\/\/www.checkprocedure.be\/fr\/grandes-entreprises\/","title":{"rendered":"Grandes entreprises"},"content":{"rendered":"<div class=\"wpb-content-wrapper\">[vc_row gap=\u00a0\u00bb35&Prime; equal_height=\u00a0\u00bbyes\u00a0\u00bb css=\u00a0\u00bb.vc_custom_1669310386482{border-bottom-width: 80px !important;padding-top: 80px !important;}\u00a0\u00bb][vc_column css=\u00a0\u00bb.vc_custom_1669129487399{padding-right: 8% !important;padding-left: 8% !important;}\u00a0\u00bb][vc_row_inner][vc_column_inner]<div class=\"norebro-heading-sc heading text-left\"\n\tid=\"norebro-custom-69e14153c496e\" \n\t \n\t>\n\t\n\t\n\t\n\t<h2 class=\"title\">\n\t\tAls grote onderneming bent u op zoek naar een partner met de nodige professionaliteit en ervaring. Een flexibel bedrijf dat begrijpt dat u oplossingen zoekt die nauw aansluiten bij uw interne werking en bedrijfspolitiek.\t<\/h2>\n\n\t\n\t\t\t<p class=\"subtitle\">\n\t\t\tOnze <b>credit management diensten<\/b> zijn aangepast aan uw noden. Het <b>softwareplatform<\/b> verwerkt met gemak grote hoeveelheden incassodossiers en kan ge\u00efntegreerd worden in uw intranet. Voor <b>gespecialiseerd advies<\/b> omtrent uw intern debiteurenbeheer kan u op onze senior <b>credit managers<\/b> en <b>juristen<\/b> rekenen. Zij verstrekken nuttig advies om wanbetaling te voorkomen en onderzoeken hoe de bewijskracht van uw incassodossiers kan versterkt worden. \n\nWij geloven in een persoonlijke service. U kan voor al uw vragen bij 1 aanspreekpunt terecht. <b>Uw account manager <\/b> werkt volgens een proactieve klantgerichte aanpak. Hij plant regelmatige afspraken in om de evolutie te bespreken en maakt gebruik van uw feedback om de gezamenlijke resultaten continu te verbeteren.\t\t<\/p>\n\t\t\n<\/div>[\/vc_column_inner][\/vc_row_inner][\/vc_column][\/vc_row][vc_row gap=\u00a0\u00bb35&Prime; equal_height=\u00a0\u00bbyes\u00a0\u00bb css=\u00a0\u00bb.vc_custom_1669310837195{border-bottom-width: 40px !important;padding-top: 40px !important;}\u00a0\u00bb][vc_column width=\u00a0\u00bb1\/2&Prime; css=\u00a0\u00bb.vc_custom_1669129487399{padding-right: 8% !important;padding-left: 8% !important;}\u00a0\u00bb][vc_row_inner][vc_column_inner]<div class=\"norebro-text-sc \" \n\tid=\"norebro-custom-69e14153c4c38\" \n\t data-aos=\"fade-down\" \n\t data-aos-duration=\"400\">\n\n\t<h3>Recouvrement des cr\u00e9ances<\/h3>\n<p>Nous proposons des proc\u00e9dures de recouvrement tant amiables que judiciaires. Vous pouvez compter sur un r\u00e9seau de 70 avocats et 30 huissiers de justice dans toute la Belgique. Vous b\u00e9n\u00e9ficiez toujours d&rsquo;une repr\u00e9sentation locale. Outre nos partenaires nationaux, nous avons conclu des accords de coop\u00e9ration avec plusieurs avocats \u00e9trangers. Vous pouvez donc \u00e9galement vous adresser \u00e0 nous pour le recouvrement transfrontalier de cr\u00e9ances.    <\/p>\n\t\n<\/div>[vc_empty_space height=\u00a0\u00bb22px\u00a0\u00bb]<div class=\"norebro-button-sc btn-wrap text-left\" \n\tid=\"norebro-custom-69e14153c4e49\"\n\t data-aos=\"flip-up\" \n\t>\n\n\t<a href=\"https:\/\/www.checkprocedure.be\/diensten\/schuldinvordering\/incasso\/\" \n\t\tclass=\"btn  btn-squared\">\n\n\t\t\n\t\t\n\t\t<span class=\"text\">\n\t\t\tIncasso\t\t<\/span>\n\n\t\t\n\t\t\n\t\t\t<\/a>\n\n<\/div>[\/vc_column_inner][\/vc_row_inner][vc_empty_space height=\u00a0\u00bb68px\u00a0\u00bb][vc_row_inner][vc_column_inner]<div class=\"norebro-text-sc \" \n\tid=\"norebro-custom-69e14153c5032\" \n\t data-aos=\"fade-down\" \n\t data-aos-duration=\"400\">\n\n\t<h3>Gestion du cr\u00e9dit<\/h3>\n<p>Dans le domaine de la gestion du cr\u00e9dit, nous analysons vos op\u00e9rations internes. Nous optimisons votre gestion du cr\u00e9dit et la compl\u00e9tons, si n\u00e9cessaire, par des services externes. Nous pouvons \u00e9galement vous apporter un soutien sur mesure si vous avez (temporairement) besoin de personnel suppl\u00e9mentaire ou si vous \u00eates \u00e0 la recherche d&rsquo;un profil sp\u00e9cialis\u00e9. Pour des projets plus importants ou plus longs, engagez un ou plusieurs gestionnaires de cr\u00e9dit seniors.   <\/p>\n\t\n<\/div>[vc_empty_space height=\u00a0\u00bb22px\u00a0\u00bb][\/vc_column_inner][\/vc_row_inner][vc_row_inner equal_height=\u00a0\u00bbyes\u00a0\u00bb][vc_column_inner width=\u00a0\u00bb1\/3&Prime; css=\u00a0\u00bb.vc_custom_1669311086365{padding-right: 4px !important;padding-left: 4px !important;}\u00a0\u00bb]<div class=\"norebro-button-sc btn-wrap text-left\" \n\tid=\"norebro-custom-69e14153c506a\"\n\t data-aos=\"flip-up\" \n\t>\n\n\t<a href=\"https:\/\/www.checkprocedure.be\/diensten\/credit-management\/cm-advies\/\" \n\t\tclass=\"btn  btn-squared\">\n\n\t\t\n\t\t\n\t\t<span class=\"text\">\n\t\t\tCM advies\t\t<\/span>\n\n\t\t\n\t\t\n\t\t\t<\/a>\n\n<\/div>[vc_empty_space height=\u00a0\u00bb12px\u00a0\u00bb][\/vc_column_inner][vc_column_inner width=\u00a0\u00bb1\/3&Prime; css=\u00a0\u00bb.vc_custom_1669311090142{padding-right: 4px !important;padding-left: 4px !important;}\u00a0\u00bb]<div class=\"norebro-button-sc btn-wrap text-left\" \n\tid=\"norebro-custom-69e14153c50a3\"\n\t data-aos=\"flip-up\" \n\t>\n\n\t<a href=\"https:\/\/www.checkprocedure.be\/diensten\/credit-management\/info-schuldenaar\/\" \n\t\tclass=\"btn  btn-squared\">\n\n\t\t\n\t\t\n\t\t<span class=\"text\">\n\t\t\tInfo schuldenaar\t\t<\/span>\n\n\t\t\n\t\t\n\t\t\t<\/a>\n\n<\/div>[vc_empty_space height=\u00a0\u00bb12px\u00a0\u00bb][\/vc_column_inner][vc_column_inner width=\u00a0\u00bb1\/3&Prime;][\/vc_column_inner][\/vc_row_inner][\/vc_column][vc_column width=\u00a0\u00bb1\/2&Prime; css=\u00a0\u00bb.vc_custom_1669129505061{padding-right: 8% !important;padding-left: 8% !important;}\u00a0\u00bb][vc_row_inner][vc_column_inner]<div class=\"norebro-text-sc \" \n\tid=\"norebro-custom-69e14153c50c9\" \n\t data-aos=\"fade-down\" \n\t data-aos-duration=\"400\">\n\n\t<h3>Plate-forme CIS<\/h3>\n<p>La plateforme CIS est le pivot de notre service de recouvrement. Cette plateforme de recouvrement en ligne tr\u00e8s puissante peut \u00eatre int\u00e9gr\u00e9e \u00e0 votre intranet. Cela permet \u00e0 vos employ\u00e9s de saisir et de suivre les dossiers de recouvrement et de poser des questions via votre propre syst\u00e8me. Nous fournissons des statistiques et des rapports d\u00e9taill\u00e9s et nous nous distinguons par la simplicit\u00e9 et l&rsquo;accessibilit\u00e9 de notre plateforme.   <\/p>\n\t\n<\/div>[vc_empty_space height=\u00a0\u00bb22px\u00a0\u00bb]<div class=\"norebro-button-sc btn-wrap text-left\" \n\tid=\"norebro-custom-69e14153c50ea\"\n\t data-aos=\"flip-up\" \n\t>\n\n\t<a href=\"https:\/\/www.checkprocedure.be\/cis-platform\/\" \n\t\tclass=\"btn  btn-squared\">\n\n\t\t\n\t\t\n\t\t<span class=\"text\">\n\t\t\tCis platform\t\t<\/span>\n\n\t\t\n\t\t\n\t\t\t<\/a>\n\n<\/div>[\/vc_column_inner][\/vc_row_inner][vc_empty_space height=\u00a0\u00bb68px\u00a0\u00bb][vc_row_inner][vc_column_inner]<div class=\"norebro-text-sc \" \n\tid=\"norebro-custom-69e14153c5109\" \n\t data-aos=\"fade-down\" \n\t data-aos-duration=\"400\">\n\n\t<h3>Conseil juridique<\/h3>\n<p>Nos juristes vous informeront sur la faisabilit\u00e9 d&rsquo;une proc\u00e9dure judiciaire, la strat\u00e9gie \u00e0 suivre et les d\u00e9marches \u00e0 entreprendre. En outre, vous pouvez faire appel \u00e0 eux pour des services juridiques g\u00e9n\u00e9raux tels que la r\u00e9daction de contrats, la r\u00e9vision de vos conditions g\u00e9n\u00e9rales et la r\u00e9daction de m\u00e9moires. Leur sp\u00e9cialisation dans les dossiers de recouvrement de cr\u00e9ances en fait le partenaire id\u00e9al pour vous repr\u00e9senter.  <\/p>\n\t\n<\/div>[vc_empty_space height=\u00a0\u00bb22px\u00a0\u00bb]<div class=\"norebro-button-sc btn-wrap text-left\" \n\tid=\"norebro-custom-69e14153c5124\"\n\t data-aos=\"flip-up\" \n\t>\n\n\t<a href=\"https:\/\/www.checkprocedure.be\/diensten\/juridisch-advies\/\" \n\t\tclass=\"btn  btn-squared\">\n\n\t\t\n\t\t\n\t\t<span class=\"text\">\n\t\t\tJuridisch advies\t\t<\/span>\n\n\t\t\n\t\t\n\t\t\t<\/a>\n\n<\/div>[\/vc_column_inner][\/vc_row_inner][\/vc_column][\/vc_row][vc_row content_placement=\u00a0\u00bbmiddle\u00a0\u00bb css_animation=\u00a0\u00bbfadeInUp\u00a0\u00bb css=\u00a0\u00bb.vc_custom_1669309559090{margin-top: 0px !important;margin-bottom: 0px !important;padding-top: 0px !important;padding-bottom: 0px !important;}\u00a0\u00bb][vc_column css=\u00a0\u00bb.vc_custom_1669309584808{padding-top: 0px !important;padding-bottom: 0px !important;}\u00a0\u00bb][vc_row_inner content_placement=\u00a0\u00bbmiddle\u00a0\u00bb css=\u00a0\u00bb.vc_custom_1669127554461{padding-top: 6% !important;padding-bottom: 6% !important;}\u00a0\u00bb][vc_column_inner width=\u00a0\u00bb1\/6&Prime;][\/vc_column_inner][vc_column_inner width=\u00a0\u00bb2\/3&Prime;]<div class=\"norebro-cta-sc call-to-action\"\n\tid=\"norebro-custom-69e14153c514d\"\n\t data-aos=\"flip-up\" \n\t>\n\n\t<div class=\"content-center\">\n\t\t<div class=\"wrap\">\n\t\t\t<h3 class=\"title\">\n\t\t\t\tNEEM CONTACT OP\t\t\t<\/h3>\n\t\t\t\t\t\t\t<p class=\"subtitle\">\n\t\t\t\t\tEn ontdek hoe CheckProcedure u kan helpen!\t\t\t\t<\/p>\n\t\t\t\t\t<\/div>\n\n\t\t<div class=\"wrap\">\n\t\t\t<a href=\"https:\/\/www.checkprocedure.be\/contact\/\" \n\t\t\tclass=\"btn btn-white btn-large btn-outline\">\n\t\t\t\t\t\t\t\t\n\t\t\t\t<span class=\"text\">Contacteer ons<\/span>\n\t\t\t\t\n\t\t\t\t\t\t\t<\/a>\n\t\t<\/div>\n\t<\/div>\n\n<\/div>[\/vc_column_inner][vc_column_inner width=\u00a0\u00bb1\/6&Prime;][\/vc_column_inner][\/vc_row_inner][\/vc_column][\/vc_row]\n<\/div>","protected":false},"excerpt":{"rendered":"<p>[vc_row gap=\u00a0\u00bb35&Prime; equal_height=\u00a0\u00bbyes\u00a0\u00bb css=\u00a0\u00bb.vc_custom_1669310386482{border-bottom-width: 80px !important;padding-top: 80px !important;}\u00a0\u00bb][vc_column css=\u00a0\u00bb.vc_custom_1669129487399{padding-right: 8% !important;padding-left: 8% !important;}\u00a0\u00bb][vc_row_inner][vc_column_inner][\/vc_column_inner][\/vc_row_inner][\/vc_column][\/vc_row][vc_row gap=\u00a0\u00bb35&Prime;&#8230;<\/p>\n","protected":false},"author":2,"featured_media":2997,"parent":0,"menu_order":95,"comment_status":"closed","ping_status":"closed","template":"","meta":{"_acf_changed":false,"footnotes":""},"class_list":["post-3097","page","type-page","status-publish","has-post-thumbnail","hentry"],"acf":[],"yoast_head":"<!-- This site is optimized with the Yoast SEO plugin v27.2 - https:\/\/yoast.com\/product\/yoast-seo-wordpress\/ -->\n<title>Grandes entreprises &#8212; Checkprocedure \u2022 Uw partner in schuldinvordering<\/title>\n<meta name=\"description\" content=\"Les grandes entreprises choisissent la proc\u00e9dure de contr\u00f4le. En tant que grande entreprise, vous recherchez un partenaire disposant du professionnalisme n\u00e9cessaire\" \/>\n<meta name=\"robots\" content=\"index, follow, max-snippet:-1, max-image-preview:large, max-video-preview:-1\" \/>\n<link rel=\"canonical\" href=\"https:\/\/www.checkprocedure.be\/fr\/grandes-entreprises\/\" \/>\n<meta property=\"og:locale\" content=\"fr_FR\" \/>\n<meta property=\"og:type\" content=\"article\" \/>\n<meta property=\"og:title\" content=\"Grandes entreprises &#8212; Checkprocedure \u2022 Uw partner in schuldinvordering\" \/>\n<meta property=\"og:description\" content=\"Les grandes entreprises choisissent la proc\u00e9dure de contr\u00f4le. En tant que grande entreprise, vous recherchez un partenaire disposant du professionnalisme n\u00e9cessaire\" \/>\n<meta property=\"og:url\" content=\"https:\/\/www.checkprocedure.be\/fr\/grandes-entreprises\/\" \/>\n<meta property=\"og:site_name\" content=\"Checkprocedure\" \/>\n<meta property=\"article:modified_time\" content=\"2025-04-08T10:32:29+00:00\" \/>\n<meta property=\"og:image\" content=\"https:\/\/www.checkprocedure.be\/wp-content\/uploads\/2023\/02\/CKECKPROCEDURE-headerbackground-pat-whelen-Rxt252RzQlY-unsplash.jpg\" \/>\n\t<meta property=\"og:image:width\" content=\"2400\" \/>\n\t<meta property=\"og:image:height\" content=\"1600\" \/>\n\t<meta property=\"og:image:type\" content=\"image\/jpeg\" \/>\n<meta name=\"twitter:card\" content=\"summary_large_image\" \/>\n<meta name=\"twitter:label1\" content=\"Dur\u00e9e de lecture estim\u00e9e\" \/>\n\t<meta name=\"twitter:data1\" content=\"5 minutes\" \/>\n<script type=\"application\/ld+json\" class=\"yoast-schema-graph\">{\"@context\":\"https:\/\/schema.org\",\"@graph\":[{\"@type\":\"WebPage\",\"@id\":\"https:\/\/www.checkprocedure.be\/fr\/grandes-entreprises\/\",\"url\":\"https:\/\/www.checkprocedure.be\/fr\/grandes-entreprises\/\",\"name\":\"Grandes entreprises &#8212; Checkprocedure \u2022 Uw partner in schuldinvordering\",\"isPartOf\":{\"@id\":\"https:\/\/www.checkprocedure.be\/fr\/#website\"},\"primaryImageOfPage\":{\"@id\":\"https:\/\/www.checkprocedure.be\/fr\/grandes-entreprises\/#primaryimage\"},\"image\":{\"@id\":\"https:\/\/www.checkprocedure.be\/fr\/grandes-entreprises\/#primaryimage\"},\"thumbnailUrl\":\"https:\/\/www.checkprocedure.be\/wp-content\/uploads\/2023\/02\/CKECKPROCEDURE-headerbackground-pat-whelen-Rxt252RzQlY-unsplash.jpg\",\"datePublished\":\"2022-11-18T16:40:53+00:00\",\"dateModified\":\"2025-04-08T10:32:29+00:00\",\"description\":\"Les grandes entreprises choisissent la proc\u00e9dure de contr\u00f4le. En tant que grande entreprise, vous recherchez un partenaire disposant du professionnalisme n\u00e9cessaire\",\"breadcrumb\":{\"@id\":\"https:\/\/www.checkprocedure.be\/fr\/grandes-entreprises\/#breadcrumb\"},\"inLanguage\":\"fr-FR\",\"potentialAction\":[{\"@type\":\"ReadAction\",\"target\":[\"https:\/\/www.checkprocedure.be\/fr\/grandes-entreprises\/\"]}]},{\"@type\":\"ImageObject\",\"inLanguage\":\"fr-FR\",\"@id\":\"https:\/\/www.checkprocedure.be\/fr\/grandes-entreprises\/#primaryimage\",\"url\":\"https:\/\/www.checkprocedure.be\/wp-content\/uploads\/2023\/02\/CKECKPROCEDURE-headerbackground-pat-whelen-Rxt252RzQlY-unsplash.jpg\",\"contentUrl\":\"https:\/\/www.checkprocedure.be\/wp-content\/uploads\/2023\/02\/CKECKPROCEDURE-headerbackground-pat-whelen-Rxt252RzQlY-unsplash.jpg\",\"width\":2400,\"height\":1600},{\"@type\":\"BreadcrumbList\",\"@id\":\"https:\/\/www.checkprocedure.be\/fr\/grandes-entreprises\/#breadcrumb\",\"itemListElement\":[{\"@type\":\"ListItem\",\"position\":1,\"name\":\"Accueil\",\"item\":\"https:\/\/www.checkprocedure.be\/fr\/bienvenue-a-checkprocedure\/\"},{\"@type\":\"ListItem\",\"position\":2,\"name\":\"Grandes entreprises\"}]},{\"@type\":\"WebSite\",\"@id\":\"https:\/\/www.checkprocedure.be\/fr\/#website\",\"url\":\"https:\/\/www.checkprocedure.be\/fr\/\",\"name\":\"Checkprocedure\",\"description\":\"Uw partner in schuldinvordering\",\"publisher\":{\"@id\":\"https:\/\/www.checkprocedure.be\/fr\/#organization\"},\"potentialAction\":[{\"@type\":\"SearchAction\",\"target\":{\"@type\":\"EntryPoint\",\"urlTemplate\":\"https:\/\/www.checkprocedure.be\/fr\/?s={search_term_string}\"},\"query-input\":{\"@type\":\"PropertyValueSpecification\",\"valueRequired\":true,\"valueName\":\"search_term_string\"}}],\"inLanguage\":\"fr-FR\"},{\"@type\":\"Organization\",\"@id\":\"https:\/\/www.checkprocedure.be\/fr\/#organization\",\"name\":\"Proc\u00e9dure de contr\u00f4le\",\"url\":\"https:\/\/www.checkprocedure.be\/fr\/\",\"logo\":{\"@type\":\"ImageObject\",\"inLanguage\":\"fr-FR\",\"@id\":\"https:\/\/www.checkprocedure.be\/fr\/#\/schema\/logo\/image\/\",\"url\":\"https:\/\/www.checkprocedure.be\/wp-content\/uploads\/2022\/11\/Checkprocedure-LOGO-mobile-01.png\",\"contentUrl\":\"https:\/\/www.checkprocedure.be\/wp-content\/uploads\/2022\/11\/Checkprocedure-LOGO-mobile-01.png\",\"width\":1000,\"height\":200,\"caption\":\"Proc\u00e9dure de contr\u00f4le\"},\"image\":{\"@id\":\"https:\/\/www.checkprocedure.be\/fr\/#\/schema\/logo\/image\/\"}}]}<\/script>\n<!-- \/ Yoast SEO plugin. -->","yoast_head_json":{"title":"Grandes entreprises &#8212; Checkprocedure \u2022 Uw partner in schuldinvordering","description":"Les grandes entreprises choisissent la proc\u00e9dure de contr\u00f4le. En tant que grande entreprise, vous recherchez un partenaire disposant du professionnalisme n\u00e9cessaire","robots":{"index":"index","follow":"follow","max-snippet":"max-snippet:-1","max-image-preview":"max-image-preview:large","max-video-preview":"max-video-preview:-1"},"canonical":"https:\/\/www.checkprocedure.be\/fr\/grandes-entreprises\/","og_locale":"fr_FR","og_type":"article","og_title":"Grandes entreprises &#8212; Checkprocedure \u2022 Uw partner in schuldinvordering","og_description":"Les grandes entreprises choisissent la proc\u00e9dure de contr\u00f4le. En tant que grande entreprise, vous recherchez un partenaire disposant du professionnalisme n\u00e9cessaire","og_url":"https:\/\/www.checkprocedure.be\/fr\/grandes-entreprises\/","og_site_name":"Checkprocedure","article_modified_time":"2025-04-08T10:32:29+00:00","og_image":[{"width":2400,"height":1600,"url":"https:\/\/www.checkprocedure.be\/wp-content\/uploads\/2023\/02\/CKECKPROCEDURE-headerbackground-pat-whelen-Rxt252RzQlY-unsplash.jpg","type":"image\/jpeg"}],"twitter_card":"summary_large_image","twitter_misc":{"Dur\u00e9e de lecture estim\u00e9e":"5 minutes"},"schema":{"@context":"https:\/\/schema.org","@graph":[{"@type":"WebPage","@id":"https:\/\/www.checkprocedure.be\/fr\/grandes-entreprises\/","url":"https:\/\/www.checkprocedure.be\/fr\/grandes-entreprises\/","name":"Grandes entreprises &#8212; Checkprocedure \u2022 Uw partner in schuldinvordering","isPartOf":{"@id":"https:\/\/www.checkprocedure.be\/fr\/#website"},"primaryImageOfPage":{"@id":"https:\/\/www.checkprocedure.be\/fr\/grandes-entreprises\/#primaryimage"},"image":{"@id":"https:\/\/www.checkprocedure.be\/fr\/grandes-entreprises\/#primaryimage"},"thumbnailUrl":"https:\/\/www.checkprocedure.be\/wp-content\/uploads\/2023\/02\/CKECKPROCEDURE-headerbackground-pat-whelen-Rxt252RzQlY-unsplash.jpg","datePublished":"2022-11-18T16:40:53+00:00","dateModified":"2025-04-08T10:32:29+00:00","description":"Les grandes entreprises choisissent la proc\u00e9dure de contr\u00f4le. En tant que grande entreprise, vous recherchez un partenaire disposant du professionnalisme n\u00e9cessaire","breadcrumb":{"@id":"https:\/\/www.checkprocedure.be\/fr\/grandes-entreprises\/#breadcrumb"},"inLanguage":"fr-FR","potentialAction":[{"@type":"ReadAction","target":["https:\/\/www.checkprocedure.be\/fr\/grandes-entreprises\/"]}]},{"@type":"ImageObject","inLanguage":"fr-FR","@id":"https:\/\/www.checkprocedure.be\/fr\/grandes-entreprises\/#primaryimage","url":"https:\/\/www.checkprocedure.be\/wp-content\/uploads\/2023\/02\/CKECKPROCEDURE-headerbackground-pat-whelen-Rxt252RzQlY-unsplash.jpg","contentUrl":"https:\/\/www.checkprocedure.be\/wp-content\/uploads\/2023\/02\/CKECKPROCEDURE-headerbackground-pat-whelen-Rxt252RzQlY-unsplash.jpg","width":2400,"height":1600},{"@type":"BreadcrumbList","@id":"https:\/\/www.checkprocedure.be\/fr\/grandes-entreprises\/#breadcrumb","itemListElement":[{"@type":"ListItem","position":1,"name":"Accueil","item":"https:\/\/www.checkprocedure.be\/fr\/bienvenue-a-checkprocedure\/"},{"@type":"ListItem","position":2,"name":"Grandes entreprises"}]},{"@type":"WebSite","@id":"https:\/\/www.checkprocedure.be\/fr\/#website","url":"https:\/\/www.checkprocedure.be\/fr\/","name":"Checkprocedure","description":"Uw partner in schuldinvordering","publisher":{"@id":"https:\/\/www.checkprocedure.be\/fr\/#organization"},"potentialAction":[{"@type":"SearchAction","target":{"@type":"EntryPoint","urlTemplate":"https:\/\/www.checkprocedure.be\/fr\/?s={search_term_string}"},"query-input":{"@type":"PropertyValueSpecification","valueRequired":true,"valueName":"search_term_string"}}],"inLanguage":"fr-FR"},{"@type":"Organization","@id":"https:\/\/www.checkprocedure.be\/fr\/#organization","name":"Proc\u00e9dure de contr\u00f4le","url":"https:\/\/www.checkprocedure.be\/fr\/","logo":{"@type":"ImageObject","inLanguage":"fr-FR","@id":"https:\/\/www.checkprocedure.be\/fr\/#\/schema\/logo\/image\/","url":"https:\/\/www.checkprocedure.be\/wp-content\/uploads\/2022\/11\/Checkprocedure-LOGO-mobile-01.png","contentUrl":"https:\/\/www.checkprocedure.be\/wp-content\/uploads\/2022\/11\/Checkprocedure-LOGO-mobile-01.png","width":1000,"height":200,"caption":"Proc\u00e9dure de contr\u00f4le"},"image":{"@id":"https:\/\/www.checkprocedure.be\/fr\/#\/schema\/logo\/image\/"}}]}},"_links":{"self":[{"href":"https:\/\/www.checkprocedure.be\/fr\/wp-json\/wp\/v2\/pages\/3097","targetHints":{"allow":["GET"]}}],"collection":[{"href":"https:\/\/www.checkprocedure.be\/fr\/wp-json\/wp\/v2\/pages"}],"about":[{"href":"https:\/\/www.checkprocedure.be\/fr\/wp-json\/wp\/v2\/types\/page"}],"author":[{"embeddable":true,"href":"https:\/\/www.checkprocedure.be\/fr\/wp-json\/wp\/v2\/users\/2"}],"replies":[{"embeddable":true,"href":"https:\/\/www.checkprocedure.be\/fr\/wp-json\/wp\/v2\/comments?post=3097"}],"version-history":[{"count":2,"href":"https:\/\/www.checkprocedure.be\/fr\/wp-json\/wp\/v2\/pages\/3097\/revisions"}],"predecessor-version":[{"id":3102,"href":"https:\/\/www.checkprocedure.be\/fr\/wp-json\/wp\/v2\/pages\/3097\/revisions\/3102"}],"wp:featuredmedia":[{"embeddable":true,"href":"https:\/\/www.checkprocedure.be\/fr\/wp-json\/wp\/v2\/media\/2997"}],"wp:attachment":[{"href":"https:\/\/www.checkprocedure.be\/fr\/wp-json\/wp\/v2\/media?parent=3097"}],"curies":[{"name":"wp","href":"https:\/\/api.w.org\/{rel}","templated":true}]}}