{"id":3193,"date":"2023-09-15T15:24:12","date_gmt":"2023-09-15T13:24:12","guid":{"rendered":"https:\/\/www.checkprocedure.be\/outils-et-conseils\/lois-et-reglements-en-vigueur\/"},"modified":"2025-04-08T12:32:43","modified_gmt":"2025-04-08T10:32:43","slug":"lois-et-reglements-en-vigueur","status":"publish","type":"page","link":"https:\/\/www.checkprocedure.be\/fr\/outils-et-conseils\/lois-et-reglements-en-vigueur\/","title":{"rendered":"Lois et r\u00e8glements en vigueur"},"content":{"rendered":"<div class=\"wpb-content-wrapper\">[vc_row gap=\u00a0\u00bb35&Prime; css=\u00a0\u00bb.vc_custom_1669721150601{border-bottom-width: 40px !important;padding-top: 40px !important;}\u00a0\u00bb][vc_column css=\u00a0\u00bb.vc_custom_1669129487399{padding-right: 8% !important;padding-left: 8% !important;}\u00a0\u00bb][vc_row_inner][vc_column_inner]<div class=\"norebro-heading-sc heading text-left\"\n\tid=\"norebro-custom-69e0ff2e73e28\" \n\t data-aos=\"fade-down\" \n\t>\n\t\n\t\n\t\n\t<h2 class=\"title\">\n\t\t\t<\/h2>\n\n\t\n\t\t\t<p class=\"subtitle\">\n\t\t\tDeze nieuwe wetgeving is sinds 01 september 2023 van kracht en heeft vooral invloed op de B2C sectoren.\t\t<\/p>\n\t\t\n<\/div>[vc_empty_space height=\u00a0\u00bb42px\u00a0\u00bb][\/vc_column_inner][\/vc_row_inner][vc_row_inner][vc_column_inner]<div class=\"norebro-text-sc \" \n\tid=\"norebro-custom-69e0ff2e7406e\" \n\t \n\t>\n\n\t<h3>Documents<\/h3>\n\t\n<\/div>[vc_empty_space height=\u00a0\u00bb42px\u00a0\u00bb]<div class=\"norebro-cta-sc call-to-action\"\n\tid=\"norebro-custom-69e0ff2e74339\"\n\t data-aos=\"flip-up\" \n\t>\n\n\t<div class=\"content-center\">\n\t\t<div class=\"wrap\">\n\t\t\t<h3 class=\"title\">\n\t\t\t\tINGEBREKESTELLING TOT BETALING VAN DE VERKOOPPRIJS\t\t\t<\/h3>\n\t\t\t\t\t<\/div>\n\n\t\t<div class=\"wrap\">\n\t\t\t<a href=\"https:\/\/www.checkprocedure.be\/wp-content\/uploads\/2023\/03\/ingebrekestelling.pdf\" target=\"_blank\" \n\t\t\tclass=\"btn btn-white btn-brand brand-color-hover-i\">\n\t\t\t\t\t\t\t\t\n\t\t\t\t<span class=\"text\">Download<\/span>\n\t\t\t\t\n\t\t\t\t\t\t\t<\/a>\n\t\t<\/div>\n\t<\/div>\n\n<\/div><div class=\"norebro-cta-sc call-to-action\"\n\tid=\"norebro-custom-69e0ff2e745b0\"\n\t data-aos=\"flip-up\" \n\t data-aos-duration=\"100\">\n\n\t<div class=\"content-center\">\n\t\t<div class=\"wrap\">\n\t\t\t<h3 class=\"title\">\n\t\t\t\t\t\t\t<\/h3>\n\t\t\t\t\t<\/div>\n\n\t\t<div class=\"wrap\">\n\t\t\t<a href=\"https:\/\/www.checkprocedure.be\/wp-content\/uploads\/2023\/03\/eerste-aanmaning.pdf\" target=\"_blank\" \n\t\t\tclass=\"btn btn-white btn-brand brand-color-hover-i\">\n\t\t\t\t\t\t\t\t\n\t\t\t\t<span class=\"text\">Download<\/span>\n\t\t\t\t\n\t\t\t\t\t\t\t<\/a>\n\t\t<\/div>\n\t<\/div>\n\n<\/div><div class=\"norebro-cta-sc call-to-action\"\n\tid=\"norebro-custom-69e0ff2e745ff\"\n\t data-aos=\"flip-up\" \n\t data-aos-duration=\"100\">\n\n\t<div class=\"content-center\">\n\t\t<div class=\"wrap\">\n\t\t\t<h3 class=\"title\">\n\t\t\t\t\t\t\t<\/h3>\n\t\t\t\t\t<\/div>\n\n\t\t<div class=\"wrap\">\n\t\t\t<a href=\"https:\/\/www.checkprocedure.be\/wp-content\/uploads\/2023\/03\/tweede-aanmaning.pdf\" target=\"_blank\" \n\t\t\tclass=\"btn btn-white btn-brand brand-color-hover-i\">\n\t\t\t\t\t\t\t\t\n\t\t\t\t<span class=\"text\">Download<\/span>\n\t\t\t\t\n\t\t\t\t\t\t\t<\/a>\n\t\t<\/div>\n\t<\/div>\n\n<\/div><div class=\"norebro-cta-sc call-to-action\"\n\tid=\"norebro-custom-69e0ff2e7463c\"\n\t data-aos=\"flip-up\" \n\t data-aos-duration=\"100\">\n\n\t<div class=\"content-center\">\n\t\t<div class=\"wrap\">\n\t\t\t<h3 class=\"title\">\n\t\t\t\tBESTELBON\t\t\t<\/h3>\n\t\t\t\t\t<\/div>\n\n\t\t<div class=\"wrap\">\n\t\t\t<a href=\"https:\/\/www.checkprocedure.be\/wp-content\/uploads\/2023\/03\/bestelbon.pdf\" target=\"_blank\" \n\t\t\tclass=\"btn btn-white btn-brand brand-color-hover-i\">\n\t\t\t\t\t\t\t\t\n\t\t\t\t<span class=\"text\">Download<\/span>\n\t\t\t\t\n\t\t\t\t\t\t\t<\/a>\n\t\t<\/div>\n\t<\/div>\n\n<\/div>[\/vc_column_inner][\/vc_row_inner][\/vc_column][\/vc_row][vc_row content_placement=\u00a0\u00bbmiddle\u00a0\u00bb css_animation=\u00a0\u00bbfadeInUp\u00a0\u00bb css=\u00a0\u00bb.vc_custom_1669309559090{margin-top: 0px !important;margin-bottom: 0px !important;padding-top: 0px !important;padding-bottom: 0px !important;}\u00a0\u00bb][vc_column css=\u00a0\u00bb.vc_custom_1669721134111{padding-top: 0px !important;padding-right: 8% !important;padding-bottom: 0px !important;padding-left: 8% !important;}\u00a0\u00bb][vc_row_inner content_placement=\u00a0\u00bbmiddle\u00a0\u00bb css=\u00a0\u00bb.vc_custom_1669127554461{padding-top: 6% !important;padding-bottom: 6% !important;}\u00a0\u00bb][vc_column_inner]<div class=\"norebro-cta-sc call-to-action\"\n\tid=\"norebro-custom-69e0ff2e7468c\"\n\t data-aos=\"flip-up\" \n\t>\n\n\t<div class=\"content-center\">\n\t\t<div class=\"wrap\">\n\t\t\t<h3 class=\"title\">\n\t\t\t\tNEEM CONTACT OP\t\t\t<\/h3>\n\t\t\t\t\t\t\t<p class=\"subtitle\">\n\t\t\t\t\tEn ontdek hoe CheckProcedure u kan helpen!\t\t\t\t<\/p>\n\t\t\t\t\t<\/div>\n\n\t\t<div class=\"wrap\">\n\t\t\t<a href=\"https:\/\/www.checkprocedure.be\/contact\/\" \n\t\t\tclass=\"btn btn-white btn-large btn-outline\">\n\t\t\t\t\t\t\t\t\n\t\t\t\t<span class=\"text\">Contacteer ons<\/span>\n\t\t\t\t\n\t\t\t\t\t\t\t<\/a>\n\t\t<\/div>\n\t<\/div>\n\n<\/div>[\/vc_column_inner][\/vc_row_inner][\/vc_column][\/vc_row]\n<\/div>","protected":false},"excerpt":{"rendered":"<p>[vc_row gap=\u00a0\u00bb35&Prime; css=\u00a0\u00bb.vc_custom_1669721150601{border-bottom-width: 40px !important;padding-top: 40px !important;}\u00a0\u00bb][vc_column css=\u00a0\u00bb.vc_custom_1669129487399{padding-right: 8% !important;padding-left: 8% !important;}\u00a0\u00bb][vc_row_inner][vc_column_inner][vc_empty_space height=\u00a0\u00bb42px\u00a0\u00bb][\/vc_column_inner][\/vc_row_inner][vc_row_inner][vc_column_inner][vc_empty_space height=\u00a0\u00bb42px\u00a0\u00bb][\/vc_column_inner][\/vc_row_inner][\/vc_column][\/vc_row][vc_row&#8230;<\/p>\n","protected":false},"author":4,"featured_media":3013,"parent":3037,"menu_order":85,"comment_status":"closed","ping_status":"closed","template":"","meta":{"_acf_changed":false,"footnotes":""},"class_list":["post-3193","page","type-page","status-publish","has-post-thumbnail","hentry"],"acf":[],"yoast_head":"<!-- This site is optimized with the Yoast SEO plugin v27.2 - https:\/\/yoast.com\/product\/yoast-seo-wordpress\/ -->\n<title>Lois et r\u00e8glements en vigueur &#8212; Checkprocedure \u2022 Uw partner in schuldinvordering<\/title>\n<meta name=\"description\" content=\"Veuillez utiliser les lettres types ci-dessous. Ils ont \u00e9t\u00e9 pr\u00e9par\u00e9s par nos juristes et r\u00e9pondent \u00e0 toutes les exigences l\u00e9gales.\" \/>\n<meta name=\"robots\" content=\"index, follow, max-snippet:-1, max-image-preview:large, max-video-preview:-1\" \/>\n<link rel=\"canonical\" href=\"https:\/\/www.checkprocedure.be\/fr\/outils-et-conseils\/lois-et-reglements-en-vigueur\/\" \/>\n<meta property=\"og:locale\" content=\"fr_FR\" \/>\n<meta property=\"og:type\" content=\"article\" \/>\n<meta property=\"og:title\" content=\"Lois et r\u00e8glements en vigueur &#8212; Checkprocedure \u2022 Uw partner in schuldinvordering\" \/>\n<meta property=\"og:description\" content=\"Veuillez utiliser les lettres types ci-dessous. Ils ont \u00e9t\u00e9 pr\u00e9par\u00e9s par nos juristes et r\u00e9pondent \u00e0 toutes les exigences l\u00e9gales.\" \/>\n<meta property=\"og:url\" content=\"https:\/\/www.checkprocedure.be\/fr\/outils-et-conseils\/lois-et-reglements-en-vigueur\/\" \/>\n<meta property=\"og:site_name\" content=\"Checkprocedure\" \/>\n<meta property=\"article:modified_time\" content=\"2025-04-08T10:32:43+00:00\" \/>\n<meta property=\"og:image\" content=\"https:\/\/www.checkprocedure.be\/wp-content\/uploads\/2023\/02\/CKECKPROCEDURE-headerbackground-van-tay-media-Kab_-4M4I74-unsplash.jpg\" \/>\n\t<meta property=\"og:image:width\" content=\"2193\" \/>\n\t<meta property=\"og:image:height\" content=\"1600\" \/>\n\t<meta property=\"og:image:type\" content=\"image\/jpeg\" \/>\n<meta name=\"twitter:card\" content=\"summary_large_image\" \/>\n<meta name=\"twitter:label1\" content=\"Dur\u00e9e de lecture estim\u00e9e\" \/>\n\t<meta name=\"twitter:data1\" content=\"3 minutes\" \/>\n<script type=\"application\/ld+json\" class=\"yoast-schema-graph\">{\"@context\":\"https:\/\/schema.org\",\"@graph\":[{\"@type\":\"WebPage\",\"@id\":\"https:\/\/www.checkprocedure.be\/fr\/outils-et-conseils\/lois-et-reglements-en-vigueur\/\",\"url\":\"https:\/\/www.checkprocedure.be\/fr\/outils-et-conseils\/lois-et-reglements-en-vigueur\/\",\"name\":\"Lois et r\u00e8glements en vigueur &#8212; Checkprocedure \u2022 Uw partner in schuldinvordering\",\"isPartOf\":{\"@id\":\"https:\/\/www.checkprocedure.be\/fr\/#website\"},\"primaryImageOfPage\":{\"@id\":\"https:\/\/www.checkprocedure.be\/fr\/outils-et-conseils\/lois-et-reglements-en-vigueur\/#primaryimage\"},\"image\":{\"@id\":\"https:\/\/www.checkprocedure.be\/fr\/outils-et-conseils\/lois-et-reglements-en-vigueur\/#primaryimage\"},\"thumbnailUrl\":\"https:\/\/www.checkprocedure.be\/wp-content\/uploads\/2023\/02\/CKECKPROCEDURE-headerbackground-van-tay-media-Kab_-4M4I74-unsplash.jpg\",\"datePublished\":\"2023-09-15T13:24:12+00:00\",\"dateModified\":\"2025-04-08T10:32:43+00:00\",\"description\":\"Veuillez utiliser les lettres types ci-dessous. Ils ont \u00e9t\u00e9 pr\u00e9par\u00e9s par nos juristes et r\u00e9pondent \u00e0 toutes les exigences l\u00e9gales.\",\"breadcrumb\":{\"@id\":\"https:\/\/www.checkprocedure.be\/fr\/outils-et-conseils\/lois-et-reglements-en-vigueur\/#breadcrumb\"},\"inLanguage\":\"fr-FR\",\"potentialAction\":[{\"@type\":\"ReadAction\",\"target\":[\"https:\/\/www.checkprocedure.be\/fr\/outils-et-conseils\/lois-et-reglements-en-vigueur\/\"]}]},{\"@type\":\"ImageObject\",\"inLanguage\":\"fr-FR\",\"@id\":\"https:\/\/www.checkprocedure.be\/fr\/outils-et-conseils\/lois-et-reglements-en-vigueur\/#primaryimage\",\"url\":\"https:\/\/www.checkprocedure.be\/wp-content\/uploads\/2023\/02\/CKECKPROCEDURE-headerbackground-van-tay-media-Kab_-4M4I74-unsplash.jpg\",\"contentUrl\":\"https:\/\/www.checkprocedure.be\/wp-content\/uploads\/2023\/02\/CKECKPROCEDURE-headerbackground-van-tay-media-Kab_-4M4I74-unsplash.jpg\",\"width\":2193,\"height\":1600},{\"@type\":\"BreadcrumbList\",\"@id\":\"https:\/\/www.checkprocedure.be\/fr\/outils-et-conseils\/lois-et-reglements-en-vigueur\/#breadcrumb\",\"itemListElement\":[{\"@type\":\"ListItem\",\"position\":1,\"name\":\"Accueil\",\"item\":\"https:\/\/www.checkprocedure.be\/fr\/bienvenue-a-checkprocedure\/\"},{\"@type\":\"ListItem\",\"position\":2,\"name\":\"Outils et conseils\",\"item\":\"https:\/\/www.checkprocedure.be\/fr\/?page_id=3037\"},{\"@type\":\"ListItem\",\"position\":3,\"name\":\"Lois et r\u00e8glements en vigueur\"}]},{\"@type\":\"WebSite\",\"@id\":\"https:\/\/www.checkprocedure.be\/fr\/#website\",\"url\":\"https:\/\/www.checkprocedure.be\/fr\/\",\"name\":\"Checkprocedure\",\"description\":\"Uw partner in schuldinvordering\",\"publisher\":{\"@id\":\"https:\/\/www.checkprocedure.be\/fr\/#organization\"},\"potentialAction\":[{\"@type\":\"SearchAction\",\"target\":{\"@type\":\"EntryPoint\",\"urlTemplate\":\"https:\/\/www.checkprocedure.be\/fr\/?s={search_term_string}\"},\"query-input\":{\"@type\":\"PropertyValueSpecification\",\"valueRequired\":true,\"valueName\":\"search_term_string\"}}],\"inLanguage\":\"fr-FR\"},{\"@type\":\"Organization\",\"@id\":\"https:\/\/www.checkprocedure.be\/fr\/#organization\",\"name\":\"Proc\u00e9dure de contr\u00f4le\",\"url\":\"https:\/\/www.checkprocedure.be\/fr\/\",\"logo\":{\"@type\":\"ImageObject\",\"inLanguage\":\"fr-FR\",\"@id\":\"https:\/\/www.checkprocedure.be\/fr\/#\/schema\/logo\/image\/\",\"url\":\"https:\/\/www.checkprocedure.be\/wp-content\/uploads\/2022\/11\/Checkprocedure-LOGO-mobile-01.png\",\"contentUrl\":\"https:\/\/www.checkprocedure.be\/wp-content\/uploads\/2022\/11\/Checkprocedure-LOGO-mobile-01.png\",\"width\":1000,\"height\":200,\"caption\":\"Proc\u00e9dure de contr\u00f4le\"},\"image\":{\"@id\":\"https:\/\/www.checkprocedure.be\/fr\/#\/schema\/logo\/image\/\"}}]}<\/script>\n<!-- \/ Yoast SEO plugin. -->","yoast_head_json":{"title":"Lois et r\u00e8glements en vigueur &#8212; Checkprocedure \u2022 Uw partner in schuldinvordering","description":"Veuillez utiliser les lettres types ci-dessous. Ils ont \u00e9t\u00e9 pr\u00e9par\u00e9s par nos juristes et r\u00e9pondent \u00e0 toutes les exigences l\u00e9gales.","robots":{"index":"index","follow":"follow","max-snippet":"max-snippet:-1","max-image-preview":"max-image-preview:large","max-video-preview":"max-video-preview:-1"},"canonical":"https:\/\/www.checkprocedure.be\/fr\/outils-et-conseils\/lois-et-reglements-en-vigueur\/","og_locale":"fr_FR","og_type":"article","og_title":"Lois et r\u00e8glements en vigueur &#8212; Checkprocedure \u2022 Uw partner in schuldinvordering","og_description":"Veuillez utiliser les lettres types ci-dessous. Ils ont \u00e9t\u00e9 pr\u00e9par\u00e9s par nos juristes et r\u00e9pondent \u00e0 toutes les exigences l\u00e9gales.","og_url":"https:\/\/www.checkprocedure.be\/fr\/outils-et-conseils\/lois-et-reglements-en-vigueur\/","og_site_name":"Checkprocedure","article_modified_time":"2025-04-08T10:32:43+00:00","og_image":[{"width":2193,"height":1600,"url":"https:\/\/www.checkprocedure.be\/wp-content\/uploads\/2023\/02\/CKECKPROCEDURE-headerbackground-van-tay-media-Kab_-4M4I74-unsplash.jpg","type":"image\/jpeg"}],"twitter_card":"summary_large_image","twitter_misc":{"Dur\u00e9e de lecture estim\u00e9e":"3 minutes"},"schema":{"@context":"https:\/\/schema.org","@graph":[{"@type":"WebPage","@id":"https:\/\/www.checkprocedure.be\/fr\/outils-et-conseils\/lois-et-reglements-en-vigueur\/","url":"https:\/\/www.checkprocedure.be\/fr\/outils-et-conseils\/lois-et-reglements-en-vigueur\/","name":"Lois et r\u00e8glements en vigueur &#8212; Checkprocedure \u2022 Uw partner in schuldinvordering","isPartOf":{"@id":"https:\/\/www.checkprocedure.be\/fr\/#website"},"primaryImageOfPage":{"@id":"https:\/\/www.checkprocedure.be\/fr\/outils-et-conseils\/lois-et-reglements-en-vigueur\/#primaryimage"},"image":{"@id":"https:\/\/www.checkprocedure.be\/fr\/outils-et-conseils\/lois-et-reglements-en-vigueur\/#primaryimage"},"thumbnailUrl":"https:\/\/www.checkprocedure.be\/wp-content\/uploads\/2023\/02\/CKECKPROCEDURE-headerbackground-van-tay-media-Kab_-4M4I74-unsplash.jpg","datePublished":"2023-09-15T13:24:12+00:00","dateModified":"2025-04-08T10:32:43+00:00","description":"Veuillez utiliser les lettres types ci-dessous. Ils ont \u00e9t\u00e9 pr\u00e9par\u00e9s par nos juristes et r\u00e9pondent \u00e0 toutes les exigences l\u00e9gales.","breadcrumb":{"@id":"https:\/\/www.checkprocedure.be\/fr\/outils-et-conseils\/lois-et-reglements-en-vigueur\/#breadcrumb"},"inLanguage":"fr-FR","potentialAction":[{"@type":"ReadAction","target":["https:\/\/www.checkprocedure.be\/fr\/outils-et-conseils\/lois-et-reglements-en-vigueur\/"]}]},{"@type":"ImageObject","inLanguage":"fr-FR","@id":"https:\/\/www.checkprocedure.be\/fr\/outils-et-conseils\/lois-et-reglements-en-vigueur\/#primaryimage","url":"https:\/\/www.checkprocedure.be\/wp-content\/uploads\/2023\/02\/CKECKPROCEDURE-headerbackground-van-tay-media-Kab_-4M4I74-unsplash.jpg","contentUrl":"https:\/\/www.checkprocedure.be\/wp-content\/uploads\/2023\/02\/CKECKPROCEDURE-headerbackground-van-tay-media-Kab_-4M4I74-unsplash.jpg","width":2193,"height":1600},{"@type":"BreadcrumbList","@id":"https:\/\/www.checkprocedure.be\/fr\/outils-et-conseils\/lois-et-reglements-en-vigueur\/#breadcrumb","itemListElement":[{"@type":"ListItem","position":1,"name":"Accueil","item":"https:\/\/www.checkprocedure.be\/fr\/bienvenue-a-checkprocedure\/"},{"@type":"ListItem","position":2,"name":"Outils et conseils","item":"https:\/\/www.checkprocedure.be\/fr\/?page_id=3037"},{"@type":"ListItem","position":3,"name":"Lois et r\u00e8glements en vigueur"}]},{"@type":"WebSite","@id":"https:\/\/www.checkprocedure.be\/fr\/#website","url":"https:\/\/www.checkprocedure.be\/fr\/","name":"Checkprocedure","description":"Uw partner in schuldinvordering","publisher":{"@id":"https:\/\/www.checkprocedure.be\/fr\/#organization"},"potentialAction":[{"@type":"SearchAction","target":{"@type":"EntryPoint","urlTemplate":"https:\/\/www.checkprocedure.be\/fr\/?s={search_term_string}"},"query-input":{"@type":"PropertyValueSpecification","valueRequired":true,"valueName":"search_term_string"}}],"inLanguage":"fr-FR"},{"@type":"Organization","@id":"https:\/\/www.checkprocedure.be\/fr\/#organization","name":"Proc\u00e9dure de contr\u00f4le","url":"https:\/\/www.checkprocedure.be\/fr\/","logo":{"@type":"ImageObject","inLanguage":"fr-FR","@id":"https:\/\/www.checkprocedure.be\/fr\/#\/schema\/logo\/image\/","url":"https:\/\/www.checkprocedure.be\/wp-content\/uploads\/2022\/11\/Checkprocedure-LOGO-mobile-01.png","contentUrl":"https:\/\/www.checkprocedure.be\/wp-content\/uploads\/2022\/11\/Checkprocedure-LOGO-mobile-01.png","width":1000,"height":200,"caption":"Proc\u00e9dure de contr\u00f4le"},"image":{"@id":"https:\/\/www.checkprocedure.be\/fr\/#\/schema\/logo\/image\/"}}]}},"_links":{"self":[{"href":"https:\/\/www.checkprocedure.be\/fr\/wp-json\/wp\/v2\/pages\/3193","targetHints":{"allow":["GET"]}}],"collection":[{"href":"https:\/\/www.checkprocedure.be\/fr\/wp-json\/wp\/v2\/pages"}],"about":[{"href":"https:\/\/www.checkprocedure.be\/fr\/wp-json\/wp\/v2\/types\/page"}],"author":[{"embeddable":true,"href":"https:\/\/www.checkprocedure.be\/fr\/wp-json\/wp\/v2\/users\/4"}],"replies":[{"embeddable":true,"href":"https:\/\/www.checkprocedure.be\/fr\/wp-json\/wp\/v2\/comments?post=3193"}],"version-history":[{"count":2,"href":"https:\/\/www.checkprocedure.be\/fr\/wp-json\/wp\/v2\/pages\/3193\/revisions"}],"predecessor-version":[{"id":3195,"href":"https:\/\/www.checkprocedure.be\/fr\/wp-json\/wp\/v2\/pages\/3193\/revisions\/3195"}],"up":[{"embeddable":true,"href":"https:\/\/www.checkprocedure.be\/fr\/wp-json\/wp\/v2\/pages\/3037"}],"wp:featuredmedia":[{"embeddable":true,"href":"https:\/\/www.checkprocedure.be\/fr\/wp-json\/wp\/v2\/media\/3013"}],"wp:attachment":[{"href":"https:\/\/www.checkprocedure.be\/fr\/wp-json\/wp\/v2\/media?parent=3193"}],"curies":[{"name":"wp","href":"https:\/\/api.w.org\/{rel}","templated":true}]}}